{"id":2127,"date":"2018-02-09T16:00:56","date_gmt":"2018-02-09T15:00:56","guid":{"rendered":"https:\/\/as-modell.de\/haendler"},"modified":"2022-10-04T07:55:16","modified_gmt":"2022-10-04T06:55:16","slug":"dealers","status":"publish","type":"page","link":"https:\/\/as-modell.de\/en\/dealers","title":{"rendered":"Dealers"},"content":{"rendered":"<div id=\"pl-2127\"  class=\"panel-layout\" ><div id=\"pg-2127-0\"  class=\"panel-grid panel-no-style\" ><div id=\"pgc-2127-0-0\"  class=\"panel-grid-cell\" ><style type=\"text\/css\" id=\"gmpMapStyles_1_91080\">\r\n\t#google_map_easy_1_91080 {\r\n        width: 100%;\r\n        height: 600px;\r\n\t\t\t\t\t\t    }\r\n\t#gmapControlsNum_1_91080 {\r\n\t\twidth:100%\t}\r\n\t.gmpMapDetailsContainer#gmpMapDetailsContainer_1_91080 {\r\n\t\theight:600px;\r\n\t}\r\n\t.gmp_MapPreview#google_map_easy_1_91080 {\r\n\t\t\/*position:absolute;*\/\r\n\t\twidth: 100%;\r\n\t}\r\n\t#mapConElem_1_91080{\r\n\t\twidth: 100%\t}\r\n    .gm-style .gm-style-iw-c{\r\n        padding: 12px!important;\r\n    }\r\n\t    <\/style>\r\n <div class=\"gmp_map_opts\" id=\"mapConElem_1_91080\" data-id=\"1\" data-view-id=\"1_91080\" > <div class=\"gmpMapDetailsContainer\" id=\"gmpMapDetailsContainer_1_91080\"> <i class=\"gmpKMLLayersPreloader fa fa-spinner fa-spin\" aria-hidden=\"true\" style=\"display: none;\"><\/i> <div class=\"gmp_MapPreview \" id=\"google_map_easy_1_91080\"><\/div> <\/div> <div class=\"gmpMapMarkerFilters\" id=\"gmpMapMarkerFilters_1_91080\"> <\/div> <div class=\"gmpMapProControlsCon\" id=\"gmpMapProControlsCon_1_91080\"> <a title=\"Google Map WordPress\" style=\"display:none;\" href=\"https:\/\/supsystic.com\/plugins\/google-maps-plugin\/?utm_medium=love_link_hide\" target=\"_blank\">Google Map WordPress<\/a><div style=\"clear: both;\"><\/div> <\/div> <div class=\"gmpMapProDirectionsCon\" id=\"gmpMapProDirectionsCon_1_91080\" > <\/div> <div class=\"gmpMapProKmlFilterCon\" id=\"gmpMapProKmlFilterCon_1_91080\" > <\/div> <div class=\"gmpSocialSharingShell gmpSocialSharingShell_1_91080\"> <\/div> <div style=\"clear: both;\"><\/div> <\/div> <\/div><\/div><div id=\"pg-2127-1\"  class=\"panel-grid panel-no-style\" ><div id=\"pgc-2127-1-0\"  class=\"panel-grid-cell\" ><div id=\"panel-2127-1-0-0\" class=\"so-panel widget widget_text panel-first-child panel-last-child\" data-index=\"1\" >\t\t\t<div class=\"textwidget\"><p><strong>Deutschland<\/strong><\/p>\n<p><em>Modelleisenbahnen Jako<br \/>\n<\/em>Oschatzer Str.25<br \/>\n01127 Dresden<\/p>\n<p><em>Gleis2<\/em><br \/>\nInh. Golo Taggesell<br \/>\nMagdeburger Stra\u00dfe 9-10<br \/>\n06366 K\u00f6then (Anhalt)<br \/>\nTelefon: +49\u00a0(0)34 96 40 29 14<\/p>\n<p><em>Modellbahn Ehrhardt<\/em><br \/>\nBeuditzstra\u00dfe 2a<br \/>\n06667 Wei\u00dfenfels<br \/>\n<a href=\"http:\/\/www.modellbahn-ehrhardt.de\/\">www.modellbahn-ehrhardt.de<\/a><\/p>\n<p><em>Modellbahnen in Rudow<br \/>\n<\/em>Neuk\u00f6llner Stra\u00dfe 293<br \/>\n12357 Berlin-Rudow<br \/>\n<a href=\"http:\/\/www.modellbahneninberlin.de\/\">www.modellbahneninberlin.de<\/a><\/p>\n<p><em>Z\u00fcge und mehr\u2026..<\/em><br \/>\nAltst\u00e4dter Str. 17<br \/>\n20095 Hamburg<br \/>\n<a href=\"http:\/\/www.zuegeundmehr.de\/\">www.zuegeundmehr.de<\/a><u><\/u><\/p>\n<p><em>Harburger Lokschuppen<\/em><br \/>\nDenickestra\u00dfe 92<br \/>\n21075 Hamburg<br \/>\nTelefon:\u00a0040 76115168<br \/>\n<a href=\"http:\/\/www.harburger-lokschuppen-modelleisenbahn.ospan.de\/\">www.harburger-lokschuppen-modelleisenbahn.ospan.de<\/a><\/p>\n<p>Modellbahnen Uwe Hesse<br \/>\nInh. Martina Hesse<br \/>\nLandwehr 29<br \/>\n22087 Hamburg<br \/>\nTelefon.: +49 (0)40 255 260<br \/>\n<a href=\"http:\/\/www.hesse-hamburg.de\/\">www.Hesse-Hamburg.de<\/a><\/p>\n<p><em>Modellbaushop Hamburg KG<\/em><br \/>\nBrockdorfstra\u00dfe 92-94<br \/>\n22149 Hamburg<br \/>\nTelefon: +49 (0)40 6483 3830<br \/>\nWeb:<span class=\"apple-converted-space\">\u00a0<\/span><a href=\"http:\/\/www.modellbaushop-hamburg.de\/\">www.modellbaushop-hamburg.de<\/a><\/p>\n<p><em>Meiners Hobby &amp; Spiel<\/em><br \/>\nMartin Meiners e.K.<br \/>\nGro\u00dfe Kremper Str. 13<br \/>\n25348 Gl\u00fcckstadt<br \/>\nTelefon.: +49 (0) 4124 937 033<br \/>\nFax: +49 (0) 4124 937 036<br \/>\nWeb: <u><a href=\"http:\/\/www.spielzeug-meiners.de\/\">www.spielzeug-meiners.de<\/a><\/u><\/p>\n<p><em>Spielwaren Rathjen<\/em><br \/>\nOelm\u00fchlengang 2 a<br \/>\n25524 Itzehoe<br \/>\nTelefon +49 (0)4821 3655<br \/>\nWeb: <a href=\"http:\/\/www.spielwaren-rathjen.de\/\">www.spiwara.de<\/a><\/p>\n<p><em>R. u. J. Wagner Modellbahnen<br \/>\n<\/em>Gutenbergring 3-5<br \/>\n25541 Brunsb\u00fcttel<br \/>\nTelefon: +49 (0)4852 549 044<\/p>\n<p><em>Anja\u2019s Gramuselecke<\/em><em><br \/>\n<\/em>Modellbahn Vaale<em><br \/>\n<\/em>Hauptstr. 38<br \/>\n25594 Vaale<em><br \/>\n<\/em>Telefon: +49 (0)4827 999 7172<u><\/u><em><br \/>\n<\/em>Webseite: <u><a href=\"http:\/\/www.modellbahn-vaale.de\/\">www.modellbahn-vaale.de<\/a><\/u><\/p>\n<p><em>Modellbahn Ackermann<\/em><br \/>\nZingelstra\u00dfe 11<br \/>\n25704 Meldorf<br \/>\nTelefon: +49 (0)4832-7097<br \/>\nFax: +49 (0)4832-556320<br \/>\nWeb:\u00a0<a href=\"http:\/\/www.modellbahn-ackermann.de\/\">www.modellbahn-ackermann.de<\/a><\/p>\n<p><em>L\u00fctje Spielzeug &amp; Computer<\/em><br \/>\nBerliner Stra\u00dfe 17<br \/>\n25746 Heide<br \/>\nTelefon +49 (0)481 6899 30<br \/>\nWeb:\u00a0<a href=\"http:\/\/www.luetje.de\/\">www.luetje.de<\/a><\/p>\n<p><em>TVK Sylt Modellbau<\/em><br \/>\nDoktor-Nicolas-Stra\u00dfe 2<br \/>\n25980 Sylt OT Westerland<br \/>\nTelefon: +49 (0)4651 1054<br \/>\n<a href=\"http:\/\/www.sylt-modellbau.de\">www.sylt-modellbau.de<\/a><\/p>\n<p><em>Modellbahn-Spezialist Haar<\/em><br \/>\nHauptstra\u00dfe 96<br \/>\n28865 Lilienthal<\/p>\n<p><em>fischer-modell GmbH<\/em><strong><br \/>\n<\/strong>Am Rott 5<br \/>\n29439 L\u00fcchow<br \/>\n<a href=\"http:\/\/www.fischer-modell.de\/\">www.fischer-modell.de<\/a><\/p>\n<p><em>Train &amp; Play KG<\/em><br \/>\n<span lang=\"EN-US\">Hildesheimer Str. 428B<br \/>\n30519 Hannover<\/span><br \/>\n<a href=\"http:\/\/www.trainplay.de\/\">www.trainplay.de<\/a><\/p>\n<p><em>Modellzentrum Hildesheim GmbH<\/em><br \/>\nPeiner Landstr. 213<br \/>\n31135 Hildesheim<br \/>\nTelefon: +49 (0)5121 289 94-0<br \/>\n<a href=\"http:\/\/www.modellbahnecke.de\/\">www.modellbahnecke.de<\/a><\/p>\n<p><em>HRT Informationstechnik GmbH<br \/>\n<\/em>Kasseler Stra\u00dfe 7<em><br \/>\n<\/em>34431 Marsberg-Westheim<em><br \/>\n<\/em>Telefon: +49 (0)2994 9889 60<em><br \/>\n<\/em><a href=\"http:\/\/www.hrt.de\">www.hrt.de<\/a><\/p>\n<div><i>SPIELZEUGLAND-ESCHWEGE<br \/>\n<\/i>Herrengasse 7<br \/>\n<i><\/i>37269 Eschwege<br \/>\nTelefon: +49 (0)5651 \u2013 5162<br \/>\n<i><\/i><a href=\"http:\/\/www.spielzeugland-eschwege.net\/\">www.spielzeugland-eschwege.net<\/a><\/div>\n<p><em>Modellzentrum Hildesheim GmbH<\/em><br \/>\nKreuzstra\u00dfe 15<br \/>\n38118 Braunschweig<br \/>\nTelefon: +49 (0)531 702 14 313<br \/>\n<a href=\"http:\/\/www.modellbahnecke.de\/\">www.modellbahnecke.de<\/a><\/p>\n<p><em>Menzels Lokschuppen&amp;T\u00f6ff-T\u00f6ff GmbH<br \/>\n<\/em>Friedrichstra\u00dfe 6<br \/>\n40217 D\u00fcsseldorf<br \/>\n<a href=\"http:\/\/www.menzels-lokschuppen.de\/\">www.menzels-lokschuppen.de<\/a><\/p>\n<p><em>Modellbahn Kramm<\/em><br \/>\nHofstra\u00dfe 12<br \/>\n40723 Hilden<br \/>\n<a href=\"http:\/\/www.modellbahn-kramm.com\/\">www.modellbahn-kramm.com<\/a><\/p>\n<p><em>Modellbahn Matschke<br \/>\n<\/em>Inh.: Laag &amp; Co oHG<br \/>\nSch\u00fctzenstr. 90<br \/>\n42281 Wuppertal<br \/>\nTelefon: +49 (0)202 500 007<br \/>\nWeb: <a href=\"http:\/\/www.matschke.org\/\">www.matschke.org<\/a><\/p>\n<p><em>Modellbahn Apitz<\/em><br \/>\nHeckinghauser Str. 218<br \/>\n42289 Wuppertal<br \/>\n<a href=\"http:\/\/www.modellbahn-apitz.de\/\">www.modellbahn-apitz.de<\/a><\/p>\n<p><em>Modellbau &amp; Lokschuppen Berlinski<\/em><br \/>\nMarcus Berlinski<br \/>\nM\u00e4rkische Stra\u00dfe 227<br \/>\n44141 Dortmund<br \/>\nTelefon: +49 (0)231 412920<br \/>\nFax: +49 (0)231 421916<br \/>\nWeb:\u00a0<a href=\"http:\/\/www.lokschuppen-berlinski.de\/\">www.lokschuppen-berlinski.de<\/a><\/p>\n<p><em>Modellbahn Raschka<\/em><br \/>\nInh. Rainer Raschka<br \/>\nDorstener Stra\u00dfe 215-217<br \/>\n44809 Bochum<br \/>\nTelefon: +49 (0)2 34 52 05 05<br \/>\nFax: +49 (0)2 34 90 48 08 80<br \/>\n<a href=\"http:\/\/www.modellbahn-raschka.de\/\">www.modellbahn-raschka.de<\/a><\/p>\n<p><em>Modellbahn-Center am Markt<br \/>\n<\/em>H\u00fcnerbein OHG<br \/>\nMarkt 11-15<br \/>\n52062 Aachen<u><\/u><br \/>\n<u><a href=\"http:\/\/www.huenerbein.de\/\">www.huenerbein.de<\/a><\/u><\/p>\n<p><em>Modellbahn Pelzer<br \/>\n<\/em>Potthofstra\u00dfe 2<br \/>\n58095 Hagen<br \/>\nTelefon:\u00a002331 13477<\/p>\n<p><em>ModellBahnHof Offenbach<\/em><br \/>\nStefan Steine<br \/>\nSprendlinger Landstra\u00dfe 180<br \/>\n63069 Offenbach am Main<br \/>\nTel.: +49 (0)69 8600 3737<\/p>\n<p><em>Spielwaren-Hegmann<\/em><br \/>\nIndustriestra\u00dfe 1<br \/>\n63920 Gro\u00dfheubach<br \/>\n<a href=\"http:\/\/www.spielwaren-hegmann.de\/\">www.spielwaren-hegmann.de<\/a><\/p>\n<p><em>Eisenbahn-Treffpunkt SCHWEICKHARDT GmbH&amp;Co. KG<\/em><br \/>\nBiegelwiesenstra\u00dfe 31<br \/>\n71334 Waiblingen<br \/>\n<a href=\"http:\/\/www.modelleisenbahn.com\/\">www.modelleisenbahn.com<\/a><\/p>\n<p><em>E+E Spielwaren-Fachmarkt<br \/>\n<\/em>Wilhelm-En\u00dfle-Stra\u00dfe 40<em><br \/>\n<\/em>73630 Remshalden-Geradstetten<em><br \/>\n<\/em>Telefon: +49 (0)7151 716 91<em><br \/>\n<\/em><a href=\"http:\/\/www.ee-spielwaren.de\">www.ee-spielwaren.de<\/a><\/p>\n<p><em>ModellBahn-Seyfried<br \/>\n<\/em>Durlacher Str. 12<br \/>\n75172 Pforzheim<br \/>\n<a href=\"http:\/\/www.modellbahn-seyfried.de\/\">www.modellbahn-seyfried.de<\/a><\/p>\n<p><em>Rainer Enke Modellbauhandel<\/em><br \/>\nFr\u00fchlingstra\u00dfe 1<br \/>\n76131 Karlsruhe<br \/>\nTelefon: +49 (0)721 377 232<\/p>\n<div><i>Modellbahn Bauer<br \/>\n<\/i>Hintere Kirchstra\u00dfe 1<br \/>\n<i><\/i>77736 Zell am Harmersbach<br \/>\n<i><\/i><a href=\"http:\/\/www.modellbahn-zell.de\/\">www.modellbahn-zell.de<\/a><\/div>\n<p><em>Gleis11 GmbH<\/em><br \/>\nBayerstra\u00dfe 16b\u00a0 (am Hbf)<br \/>\n80335 M\u00fcnchen<br \/>\n<a href=\"http:\/\/www.gleis-11.de\/\">www.gleis-11.de<\/a><\/p>\n<p><em>Spur-N-Teile.de<\/em><br \/>\nDaniel Mechling<br \/>\nWendelsteinstra\u00dfe 1<br \/>\n82110 Germering bei M\u00fcnchen<br \/>\nTelefon: +49 (0)89 45 21 9389<br \/>\nWeb: <a href=\"http:\/\/www.spur-n-teile.de\/\">http:\/\/www.spur-n-teile.de<\/a><\/p>\n<p><em>ARNOLD Ersatzteile<br \/>\n<\/em>Robert-Stolz-Stra\u00dfe 6<em><br \/>\n<\/em>85591 Vaterstetten<em><br \/>\n<\/em>Telefon: +49 (0) 8106 303 295<em><br \/>\n<\/em><a href=\"http:\/\/www.arnold-ersatzteile.de\">www.arnold-ersatzteile.de<\/a><\/p>\n<p><em>Modellbahnteam Ries<\/em><br \/>\nNonnengasse 1<br \/>\n86720 N\u00f6rdlingen<br \/>\n<a href=\"http:\/\/www.mtr-exclusive.de\/\">www.mtr-exclusive.de<\/a><u><\/u><\/p>\n<p><em>Modellbahn Ritzer<\/em><br \/>\nKirchenweg 16<br \/>\n90419 N\u00fcrnberg<br \/>\n<a href=\"http:\/\/www.modellbahnritzer.de\/\">www.modellbahnritzer.de<\/a><\/p>\n<p><em>Spielwaren und Modellbau Ralph G\u00e4rtner<\/em><em><br \/>\n<\/em>Stieberstra\u00dfe 44<br \/>\n90453 N\u00fcrnberg<br \/>\nTelefon: +49 (0)911 8936 2158<\/p>\n<p><em>Spielwaren Nu\u00dfstein<br \/>\n<\/em>Ga. Georg Nu\u00dfstein e.K.<em><br \/>\n<\/em>Inh. Bernhard Nu\u00dfstein<em><br \/>\n<\/em>Regensburger Stra\u00dfe 4<em><br \/>\n<\/em>93133 Burglengenfeld<em><br \/>\n<\/em>Teleofn: +49 (0)9471 70 120<br \/>\n<a href=\"http:\/\/www.spielwaren-nusstein.de\">www.spielwaren-nusstein.de<\/a><\/p>\n<p><em>Modellbahn P\u00fcrner<\/em><br \/>\nS\u00fcdweg 1<br \/>\n95676 Wiesau(Oberpfalz)<br \/>\nTelefon: +49 (0)9634 3830<br \/>\n<u><a href=\"http:\/\/www.puerner.de\/\">www.puerner.de<\/a><\/u><\/p>\n<p><em><i>Modell &amp; Technik Ziegler<\/i><br \/>\n<\/em>Stefan Ziegler<br \/>\nTextorstra\u00dfe 9<br \/>\n97070\u00a0W\u00fcrzburg<br \/>\nfacebook.com\/ZieglerWuerzburg<br \/>\nfacebook.com\/ModellbahnWuerzburg<br \/>\n<a href=\"http:\/\/www.modellbau-ziegler.de\">www.modellbau-ziegler.de<\/a><\/p>\n<p>Bahn&amp;Auto<br \/>\nModelleisenbahnen &amp; Modellspielwaren<br \/>\nMagdeburger Allee 149<br \/>\n99086 Erfurt<br \/>\n<a href=\"http:\/\/www.bahn-auto.de\/\">www.bahn-auto.de<\/a><\/p>\n<p>weitere folgen\u2026..<\/p>\n<p>&nbsp;<\/p>\n<\/div>\n\t\t<\/div><\/div><div id=\"pgc-2127-1-1\"  class=\"panel-grid-cell\" ><div id=\"panel-2127-1-1-0\" class=\"so-panel widget widget_text panel-first-child panel-last-child\" data-index=\"2\" >\t\t\t<div class=\"textwidget\"><p><strong>D\u00e4nemark\/Danmark<\/strong><\/p>\n<p>Kystbanen<br \/>\nOrdrupvej 101<br \/>\n2920 Charlottenlund<br \/>\n<a href=\"http:\/\/www.kystbanen-online.dk\/\">www.kystbanen-online.dk<\/a><\/p>\n<p><em>JK Model<\/em><br \/>\nKlitrosevej 8<br \/>\n8200 Aarhus N<br \/>\n<a href=\"http:\/\/www.jkmodel.dk\">www.jkmodel.dk<\/a><\/p>\n<p>&nbsp;<\/p>\n<p><strong>Italien\/Italia<\/strong><\/p>\n<p><em>Pirata Models<\/em><br \/>\nVia Montonale Basso 5\/G<br \/>\n25012 Desenzano del Garda<br \/>\n<a href=\"http:\/\/www.piratamodels.it\/\">www.piratamodels.it<\/a><\/p>\n<p>&nbsp;<\/p>\n<p><strong>Japan<\/strong><\/p>\n<p><em>KEN TRADING LTD.<br \/>\n<\/em>5-1-18-5C Minami-Aoyama<br \/>\nMinato-KU TOKYO 107-0062<br \/>\nTelefon: +81 (0)3 54674371<br \/>\nWeb: <a href=\"http:\/\/e-chimney.jp\/index.html\">http:\/\/e-chimney.jp\/index.html<\/a><\/p>\n<p>&nbsp;<\/p>\n<p><strong>Niederlande\/Nederland<\/strong><\/p>\n<p><em>ModeltreinCentrum Amersfoort<\/em><br \/>\nKrommestraat 16<br \/>\n3811 CC Amersfoort<br \/>\nTelefon: +31 (0)33 461 7841<br \/>\nWeb:\u00a0http:\/\/www.modeltreincentrum.nl<\/p>\n<p><em>PoH\u00e9 Trains &amp; Models<\/em><br \/>\nPaul en Ria Poels<br \/>\nSchakelplein 4<br \/>\n5408 AW Volkel<br \/>\nWeb:\u00a0<a href=\"http:\/\/www.pohetrains.nl\">www.pohetrains.nl<\/a><\/p>\n<p><em>N-Spoorstore<\/em><br \/>\nEekmolenweg 26<br \/>\n7241 CM Lochem<br \/>\n<a href=\"http:\/\/n-spoorstore.nl\/\">n-spoorstore.nl<\/a><\/p>\n<p><em>ModeltreinCentrum Wierden<\/em><br \/>\nStationsstraat 9<br \/>\n7641 BV Wierden<br \/>\nTelefon: +31 (0)546 648 721<br \/>\nWeb:\u00a0http:\/\/www.modeltreincentrum.nl<\/p>\n<p>&nbsp;<\/p>\n<p><strong>Norwegen\/Norge<\/strong><\/p>\n<p><em>NMJ A\/S<\/em><br \/>\nEnsj\u00f8veien 7<br \/>\n0655 Oslo<br \/>\n<a href=\"http:\/\/www.nmj.no\/\">www.nmj.no<\/a><\/p>\n<p><em>Togbutikken<br \/>\n<\/em>Gamle Ramnesvei 36<br \/>\n3170 Sem<br \/>\n<a href=\"http:\/\/www.togbutikken.no\/\">www.togbutikken.no<\/a><\/p>\n<p><strong>\u00d6sterreich<\/strong><em><br \/>\nTina\u2018s Modelleisenbahn<br \/>\n<\/em>Hilschergasse 1<br \/>\n1120 Wien<br \/>\nTelefon: +43 (0)181 36 573<br \/>\n<a href=\"http:\/\/tinas-modelleisenbahn.at\/\">www.tinas-modelleisenbahn.at<\/a><\/p>\n<p>&nbsp;<\/p>\n<p><strong>Schweiz<\/strong><\/p>\n<p><em>Bahnorama GmbH<\/em><br \/>\nBernstrasse 101<br \/>\n3018 Bern<br \/>\n<a href=\"http:\/\/www.bahnorama.ch\/\">www.bahnorama.ch<\/a><\/p>\n<p><em>FBM-Bacheli GmbH<\/em><br \/>\nLuzerner Strasse 12<br \/>\n6252 Dagmersellen<br \/>\nwww.fbm-bacheli.ch<\/p>\n<p><em>Pulsar Modellbahnen<br \/>\n<\/em>J\u00fcrg Schumacher<em><br \/>\n<\/em>Weinfelder Strasse 5a<em><br \/>\n<\/em>CH-8560 M\u00e4rstetten<em><br \/>\n<\/em>Telefon: +41 71657 1000<em><br \/>\n<\/em><a href=\"http:\/\/www.pulsar.ch\/\">www.pulsar.ch<\/a><\/p>\n<p><em>Fa-MoBa Modellbahnen<\/em><br \/>\nObere Bahnhofstrasse 47<br \/>\n9500 Will<br \/>\nwww.fa-moba.ch<\/p>\n<p>&nbsp;<\/p>\n<p><strong>Schweden\/Sverige:<\/strong><\/p>\n<p><em>BorenTrain Mj-Specialisten<\/em><br \/>\nS\u00f6ren Larsson<br \/>\nSlussgatan 5<br \/>\nS-591 52 Motala<br \/>\nTelefon: +46 (0)70 582 64 20<br \/>\nwww.mj-specialisten.se<\/p>\n<p><em>T\u00e5g &amp; Hobby<\/em><br \/>\nModellj\u00e4rnv\u00e4gsspecialisten<br \/>\nKungsgatan 20D<br \/>\nS-972 34 Lule\u00e5<br \/>\nTelefon: +46 (0)920 160 35<br \/>\n<a href=\"http:\/\/www.modellhobby.se\/\">www.modellhobby.se<\/a><\/p>\n<p>&nbsp;<\/p>\n<p><strong>Tschechische Republik<\/strong><strong>\/\u010cesk\u00e1 Republika<\/strong><\/p>\n<p><em>Ma\u0161inky.cz<br \/>\n<\/em>Martin Valter<em><br \/>\n<\/em>Ren\u00e1ta Valterov\u00e1<br \/>\nCtiborova 425<br \/>\n272 01 Kladno<br \/>\nTelefon: 723 787 936<br \/>\n<a href=\"http:\/\/www.masinky.cz\/\">http:\/\/www.masinky.cz<\/a><\/p>\n<p><em>NSCALE.cz<\/em><br \/>\nZ\u00e1vodn\u00ed 751<br \/>\n415 01 Teplice<br \/>\nTelefon: +420 606 51 40 45<br \/>\nEmail: info@model-scene.com<br \/>\n<a href=\"http:\/\/nscale.cz\/\">http:\/\/nscale.cz<\/a><\/p>\n<p><em>ITVLAKY.cz<br \/>\n<\/em>N\u00e1m\u011bst\u00ed M\u00edru 383<br \/>\n763 16 Frystak<br \/>\nT.: +420 577 912 599<u><\/u><br \/>\n<u><a href=\"http:\/\/www.itvlaky.cz\/\">www.itvlaky.cz<\/a><\/u><\/p>\n<p>&nbsp;<\/p>\n<\/div>\n\t\t<\/div><\/div><\/div><\/div>","protected":false},"excerpt":{"rendered":"<p>Deutschland Modelleisenbahnen Jako Oschatzer Str.25 01127 Dresden Gleis2 Inh. Golo Taggesell Magdeburger Stra\u00dfe 9-10 06366 K\u00f6then (Anhalt) Telefon: +49\u00a0(0)34 96 40 29 14 Modellbahn Ehrhardt Beuditzstra\u00dfe 2a 06667 Wei\u00dfenfels www.modellbahn-ehrhardt.de Modellbahnen in Rudow Neuk\u00f6llner Stra\u00dfe 293 12357 Berlin-Rudow www.modellbahneninberlin.de Z\u00fcge und mehr\u2026.. Altst\u00e4dter Str. 17 20095 Hamburg www.zuegeundmehr.de Harburger Lokschuppen Denickestra\u00dfe 92 21075 Hamburg Telefon:\u00a0040Continue reading &rarr;<\/p>\n","protected":false},"author":2,"featured_media":0,"parent":0,"menu_order":0,"comment_status":"closed","ping_status":"open","template":"","meta":{"footnotes":""},"class_list":["post-2127","page","type-page","status-publish","hentry","no-thumb"],"_links":{"self":[{"href":"https:\/\/as-modell.de\/en\/wp-json\/wp\/v2\/pages\/2127","targetHints":{"allow":["GET"]}}],"collection":[{"href":"https:\/\/as-modell.de\/en\/wp-json\/wp\/v2\/pages"}],"about":[{"href":"https:\/\/as-modell.de\/en\/wp-json\/wp\/v2\/types\/page"}],"author":[{"embeddable":true,"href":"https:\/\/as-modell.de\/en\/wp-json\/wp\/v2\/users\/2"}],"replies":[{"embeddable":true,"href":"https:\/\/as-modell.de\/en\/wp-json\/wp\/v2\/comments?post=2127"}],"version-history":[{"count":5,"href":"https:\/\/as-modell.de\/en\/wp-json\/wp\/v2\/pages\/2127\/revisions"}],"predecessor-version":[{"id":4272,"href":"https:\/\/as-modell.de\/en\/wp-json\/wp\/v2\/pages\/2127\/revisions\/4272"}],"wp:attachment":[{"href":"https:\/\/as-modell.de\/en\/wp-json\/wp\/v2\/media?parent=2127"}],"curies":[{"name":"wp","href":"https:\/\/api.w.org\/{rel}","templated":true}]}}