{"id":2118,"date":"2017-11-07T16:45:39","date_gmt":"2017-11-07T16:45:39","guid":{"rendered":"https:\/\/as-modell.de\/agb"},"modified":"2021-01-15T18:38:03","modified_gmt":"2021-01-15T17:38:03","slug":"agb","status":"publish","type":"page","link":"https:\/\/as-modell.de\/en\/agb","title":{"rendered":"AGB"},"content":{"rendered":"<p><strong>Allgemeine Gesch\u00e4ftsbedingungen<\/strong><\/p>\n<p><em>(Beachten Sie auch unsere <a href=\"https:\/\/as-modell.de\/en\/privacy-policy-legal-notice\">Datenschutzhinweise<\/a>\u00a0und unser\u00a0<a href=\"https:\/\/as-modell.de\/en\/privacy-policy-legal-notice\">Impressum<\/a>)<\/em><\/p>\n<p><strong>1.\u00a0<\/strong><strong>Zustandekommen des Vertrags<br \/>\n<\/strong>Mit Ihrer Bestellung geben Sie ein verbindliches Angebot an uns ab, einen Vertrag mit Ihnen zu schlie\u00dfen. Mit der Zusendung einer Auftragsbest\u00e4tigung per E-Mail an Sie oder der Lieferung der bestellten Ware k\u00f6nnen wir dieses Angebot annehmen. Zun\u00e4chst erhalten Sie eine Best\u00e4tigung des Eingangs Ihrer Bestellung per E-Mail an die von Ihnen angegebene E-Mail- Adresse (Bestellbest\u00e4tigung). Ein Kaufvertrag kommt jedoch erst mit dem Versand unserer Auftragsbest\u00e4tigung per E-Mail an Sie oder mit der Lieferung der bestellten Ware zustande.<br \/>\nIm ersten Schritt der Bestellung w\u00e4hlen Sie die gew\u00fcnschten Waren aus. Im zweiten Schritt geben Sie Ihre Kundendaten einschlie\u00dflich Rechnungsanschrift und ggf. abweichender Lieferanschrift ein. Im dritten Schritt w\u00e4hlen Sie, wie Sie bezahlen m\u00f6chten. Im letzten Schritt haben Sie die M\u00f6glichkeit, s\u00e4mtliche Angaben (z.B. Name, Anschrift, Zahlungsweise, bestellte Artikel) noch einmal zu \u00fcberpr\u00fcfen und ggf. zu korrigieren, bevor Sie Ihre Bestellung durch Klicken auf &#8216;Bestellung absenden&#8217; an uns absenden.<\/p>\n<p><strong>2. Speicherung des Vertragstextes<br \/>\n<\/strong>Den Vertragstext Ihrer Bestellung speichern wir. Sie k\u00f6nnen diesen vor der Versendung Ihrer Bestellung an uns ausdrucken, indem Sie im letzten Schritt der Bestellung auf \u201eDrucken\u201d klicken. Wir senden Ihnen au\u00dferdem eine Bestellbest\u00e4tigung sowie eine Auftragsbest\u00e4tigung mit allen Bestelldaten und unseren Allgemeinen Gesch\u00e4ftsbedingungen an die von Ihnen angegebene E-Mail-Adresse.<\/p>\n<p><strong>3. Eigentumsvorbehalt<br \/>\n<\/strong>Die gelieferte Ware bleibt bis zur vollst\u00e4ndigen Bezahlung aller Forderungen unser Eigentum.<\/p>\n<p><strong>4. Preise, Versandkosten, R\u00fccksendekosten bei Widerruf<br \/>\n<\/strong>Alle Preise sind Endpreise, sie enthalten die gesetzliche Mehrwertsteuer. Die Versandkosten richten sich nach dem Warenwert sowie dem Bestimmungsland des Versands. Bei einem Warenwert ab 100,- Euro liefern wir versandkostenfrei innerhalb des Bundesrepublik Deutschland, darunter betr\u00e4gt die Versandpauschale 4,95 Euro.<br \/>\nBeim Versand ins EU-Ausland sowie in die Schweiz, nach Liechtenstein und Norwegen betragen die Versandkosten 13,- Euro pauschal. Bitte beachten Sie, dass zu diesen Kosten gegebenenfalls noch Zollgeb\u00fchren und Einfuhrumsatzsteuer anfallen, die au\u00dferhalb unseres Einflussbereiches liegen.<br \/>\nSoweit Sie von einem bestehenden Widerrufsrecht Gebrauch machen, haben Sie die regel- m\u00e4\u00dfigen Kosten der R\u00fccksendung zu tragen.<\/p>\n<p><strong>5. Lieferbedingungen<br \/>\n<\/strong>Sofern nicht beim Angebot anders angegeben, bringen wir die Ware innerhalb von 3 Werk- tagen nach Zahlungseingang in den Versand.<\/p>\n<p><strong>6. Zahlungsbedingungen<br \/>\n<\/strong>Die Zahlung erfolgt wahlweise per Vorkasse durch Vorab-\u00dcberweisung oder per Kreditkarte. Wir behalten uns vor, einzelne Zahlungsarten auszuschlie\u00dfen. Bei Wahl der Zahlungsart Vorkasse nennen wir Ihnen die Bankverbindung in der Auftragsbest\u00e4tigung. Der Rechnungsbetrag ist binnen 10 Tagen auf unser Konto zu \u00fcberweisen. Ein Zur\u00fcckbehaltungsrecht k\u00f6nnen Sie nur aus\u00fcben, soweit die Anspr\u00fcche aus dem gleichen Vertragsverh\u00e4ltnis resultieren.<\/p>\n<p><strong>7. Gew\u00e4hrleistung<br \/>\n<\/strong>Die Gew\u00e4hrleistung richtet sich nach den gesetzlichen Bestimmungen.<\/p>\n<p><strong>8. Datenschutz<br \/>\n<\/strong><\/p>\n<p>8a. Datenverarbeitung<br \/>\nBei Anbahnung, Abschluss, Abwicklung und R\u00fcckabwicklung eines Kaufvertrages werden von uns Daten im Rahmen der gesetzlichen Bestimmungen erhoben, gespeichert und verarbeitet.<br \/>\nBeim Besuch unseres Internetangebots werden die aktuell von Ihrem PC verwendete IP- Adresse, Datum und Uhrzeit, der Browsertyp und das Betriebssystem Ihres PC sowie die von Ihnen betrachteten Seiten protokolliert. R\u00fcckschl\u00fcsse auf personenbezogene Daten sind uns damit jedoch nicht m\u00f6glich und auch nicht beabsichtigt.<br \/>\nDie personenbezogenen Daten, die Sie uns z. B. bei einer Bestellung oder per E-Mail mitteilen (z. B. Ihr Name und Ihre Kontaktdaten), werden nur zur Korrespondenz mit Ihnen und nur f\u00fcr den Zweck verarbeitet, zu dem Sie uns die Daten zur Verf\u00fcgung gestellt haben. Wir geben Ihre Daten nur an das mit der Lieferung beauftragte Versandunternehmen weiter, soweit dies zur Lieferung der Waren notwendig ist. Zur Abwicklung von Zahlungen geben wir Ihre Zahlungsdaten an das mit der Zahlung beauftragte Kreditinstitut weiter.<br \/>\nWir versichern, dass wir Ihre personenbezogenen Daten im \u00dcbrigen nicht an Dritte weitergeben, es sei denn, dass wir dazu gesetzlich verpflichtet w\u00e4ren oder Sie vorher ausdr\u00fccklich eingewilligt haben. Soweit wir zur Durchf\u00fchrung und Abwicklung von Verarbeitungsprozessen Dienstleistungen Dritter in Anspruch nehmen, werden die Bestimmungen des Bundesdatenschutzgesetzes eingehalten.<\/p>\n<p>8b. Dauer der Speicherung <strong><br \/>\n<\/strong>Personenbezogene Daten, die uns \u00fcber unsere Website mitgeteilt worden sind, werden nur so lange gespeichert, bis der Zweck erf\u00fcllt ist, zu dem sie uns anvertraut wurden. Soweit handels- und steuerrechtliche Aufbewahrungsfristen zu beachten sind, kann die Dauer der Speicherung bestimmter Daten bis zu 10 Jahre betragen.<\/p>\n<p>8c. Ihre Rechte <strong><br \/>\n<\/strong>Sollten Sie mit der Speicherung Ihrer personenbezogenen Daten nicht mehr einverstanden oder diese unrichtig geworden sein, werden wir auf eine entsprechende Weisung hin im Rahmen der gesetzlichen Bestimmungen die L\u00f6schung, Korrektur oder Sperrung Ihrer Daten veranlassen. Auf Wunsch erhalten Sie unentgeltlich Auskunft \u00fcber alle personenbezogenen Daten, die wir \u00fcber Sie gespeichert haben. Bei Fragen zur Erhebung, Verarbeitung oder Nutzung Ihrer personenbezogenen Daten, f\u00fcr Ausk\u00fcnfte, Berichtigung, Sperrung oder L\u00f6schung von Daten wenden Sie sich bitte an:<br \/>\nASM Arndt Spezial-Modelle<br \/>\nChristian Arndt<br \/>\nAuf der R\u00fcbekuhle 23A<br \/>\nD-21335 L\u00fcneburg<br \/>\nEmail: arndt@as-modell.de<\/p>\n<p>8d. Links auf andere Internetseiten<br \/>\nSoweit wir von unserem Internetangebot auf die Webseiten Dritter verweisen oder verlinken, k\u00f6nnen wir keine Gew\u00e4hr und Haftung f\u00fcr die Richtigkeit bzw. Vollst\u00e4ndigkeit der Inhalte und die Datensicherheit dieser Websites \u00fcbernehmen. Da wir keinen Einfluss auf die Einhaltung datenschutzrechtlicher Bestimmungen durch Dritte haben, sollten Sie die jeweils angebotenen Datenschutzerkl\u00e4rungen gesondert pr\u00fcfen.<\/p>\n<p><strong>9. Anwendbares Recht<br \/>\n<\/strong>Es gilt ausschlie\u00dflich deutsches Recht. Gegen\u00fcber einem Verbraucher gilt diese Rechtswahl nur insoweit, als dadurch keine zwingenden gesetzlichen Bestimmungen des Staates, in dem er seinen Wohnsitz oder gew\u00f6hnlichen Aufenthalt hat, eingeschr\u00e4nkt werden.<br \/>\n<div class=\"woocommerce woocommerce-gzd woocommerce-gzd-complaints-shortcode\">\n\t\t\t<h3>Alternative Dispute Resolution in accordance with Art. 14 (1) ODR-VO and \u00a7 36 VSBG:<\/h3>\n\t\n<p>Die Europ\u00e4ische Kommission stellt eine Plattform zur Online-Streitbeilegung (OS) bereit, die du unter <a href=\"https:\/\/ec.europa.eu\/consumers\/odr\" target=\"_blank\">https:\/\/ec.europa.eu\/consumers\/odr<\/a> findest. Zur Teilnahme an einem Streitbeilegungsverfahren vor einer Verbraucherschlichtungsstelle sind wir nicht verpflichtet und nicht bereit.<\/p>\n<\/div><\/p>\n","protected":false},"excerpt":{"rendered":"<p>Allgemeine Gesch\u00e4ftsbedingungen (Beachten Sie auch unsere Datenschutzhinweise\u00a0und unser\u00a0Impressum) 1.\u00a0Zustandekommen des Vertrags Mit Ihrer Bestellung geben Sie ein verbindliches Angebot an uns ab, einen Vertrag mit Ihnen zu schlie\u00dfen. Mit der Zusendung einer Auftragsbest\u00e4tigung per E-Mail an Sie oder der Lieferung der bestellten Ware k\u00f6nnen wir dieses Angebot annehmen. Zun\u00e4chst erhalten Sie eine Best\u00e4tigung des EingangsContinue reading &rarr;<\/p>\n","protected":false},"author":1,"featured_media":0,"parent":0,"menu_order":0,"comment_status":"closed","ping_status":"closed","template":"","meta":{"footnotes":""},"class_list":["post-2118","page","type-page","status-publish","hentry","no-thumb"],"_links":{"self":[{"href":"https:\/\/as-modell.de\/en\/wp-json\/wp\/v2\/pages\/2118","targetHints":{"allow":["GET"]}}],"collection":[{"href":"https:\/\/as-modell.de\/en\/wp-json\/wp\/v2\/pages"}],"about":[{"href":"https:\/\/as-modell.de\/en\/wp-json\/wp\/v2\/types\/page"}],"author":[{"embeddable":true,"href":"https:\/\/as-modell.de\/en\/wp-json\/wp\/v2\/users\/1"}],"replies":[{"embeddable":true,"href":"https:\/\/as-modell.de\/en\/wp-json\/wp\/v2\/comments?post=2118"}],"version-history":[{"count":0,"href":"https:\/\/as-modell.de\/en\/wp-json\/wp\/v2\/pages\/2118\/revisions"}],"wp:attachment":[{"href":"https:\/\/as-modell.de\/en\/wp-json\/wp\/v2\/media?parent=2118"}],"curies":[{"name":"wp","href":"https:\/\/api.w.org\/{rel}","templated":true}]}}